{"id":5587,"date":"2021-05-19T11:54:04","date_gmt":"2021-05-19T09:54:04","guid":{"rendered":"https:\/\/www.caffebristot.com\/professional\/produkte-ho-re-ca\/ganze-bohne\/barista-professional-1kg\/"},"modified":"2022-06-23T09:42:19","modified_gmt":"2022-06-23T07:42:19","slug":"barista-professional-1kg","status":"publish","type":"page","link":"https:\/\/www.caffebristot.com\/de\/professional\/produkte-ho-re-ca\/ganze-bohnen\/barista-professional-1kg\/","title":{"rendered":"Barista Professional 1kg"},"content":{"rendered":"","protected":false},"excerpt":{"rendered":"","protected":false},"author":26,"featured_media":0,"parent":5577,"menu_order":15,"comment_status":"closed","ping_status":"closed","template":"page-templates\/product-category.php","meta":{"_acf_changed":false,"footnotes":""},"class_list":["post-5587","page","type-page","status-publish","hentry"],"acf":[],"yoast_head":"<!-- This site is optimized with the Yoast SEO plugin v27.4 - https:\/\/yoast.com\/product\/yoast-seo-wordpress\/ -->\n<title>Barista professional: Caff\u00e8 in Grani 1 kg - Caff\u00e8 Bristot<\/title>\n<meta name=\"description\" content=\"La nostra passione in ogni singolo chicco di caff\u00e8 per i prodotti Ho.Re.Ca. Scopri Barista Professional.\" \/>\n<meta name=\"robots\" content=\"index, follow, max-snippet:-1, max-image-preview:large, max-video-preview:-1\" \/>\n<link rel=\"canonical\" href=\"https:\/\/www.caffebristot.com\/de\/professional\/produkte-ho-re-ca\/ganze-bohnen\/barista-professional-1kg\/\" \/>\n<meta property=\"og:locale\" content=\"de_DE\" \/>\n<meta property=\"og:type\" content=\"article\" \/>\n<meta property=\"og:title\" content=\"Barista professional: Caff\u00e8 in Grani 1 kg - Caff\u00e8 Bristot\" \/>\n<meta property=\"og:description\" content=\"La nostra passione in ogni singolo chicco di caff\u00e8 per i prodotti Ho.Re.Ca. Scopri Barista Professional.\" \/>\n<meta property=\"og:url\" content=\"https:\/\/www.caffebristot.com\/de\/professional\/produkte-ho-re-ca\/ganze-bohnen\/barista-professional-1kg\/\" \/>\n<meta property=\"og:site_name\" content=\"Caff\u00e8 Bristot\" \/>\n<meta property=\"article:publisher\" content=\"https:\/\/it-it.facebook.com\/pages\/category\/Local-Business\/Caff%c3%a8-Bristot-1645783322336332\/\" \/>\n<meta property=\"article:modified_time\" content=\"2022-06-23T07:42:19+00:00\" \/>\n<meta name=\"twitter:card\" content=\"summary_large_image\" \/>\n<script type=\"application\/ld+json\" class=\"yoast-schema-graph\">{\"@context\":\"https:\\\/\\\/schema.org\",\"@graph\":[{\"@type\":\"WebPage\",\"@id\":\"https:\\\/\\\/www.caffebristot.com\\\/de\\\/professional\\\/produkte-ho-re-ca\\\/ganze-bohnen\\\/barista-professional-1kg\\\/\",\"url\":\"https:\\\/\\\/www.caffebristot.com\\\/de\\\/professional\\\/produkte-ho-re-ca\\\/ganze-bohnen\\\/barista-professional-1kg\\\/\",\"name\":\"Barista professional: Caff\u00e8 in Grani 1 kg - Caff\u00e8 Bristot\",\"isPartOf\":{\"@id\":\"https:\\\/\\\/www.caffebristot.com\\\/de\\\/#website\"},\"datePublished\":\"2021-05-19T09:54:04+00:00\",\"dateModified\":\"2022-06-23T07:42:19+00:00\",\"description\":\"La nostra passione in ogni singolo chicco di caff\u00e8 per i prodotti Ho.Re.Ca. Scopri Barista Professional.\",\"breadcrumb\":{\"@id\":\"https:\\\/\\\/www.caffebristot.com\\\/de\\\/professional\\\/produkte-ho-re-ca\\\/ganze-bohnen\\\/barista-professional-1kg\\\/#breadcrumb\"},\"inLanguage\":\"de\",\"potentialAction\":[{\"@type\":\"ReadAction\",\"target\":[\"https:\\\/\\\/www.caffebristot.com\\\/de\\\/professional\\\/produkte-ho-re-ca\\\/ganze-bohnen\\\/barista-professional-1kg\\\/\"]}]},{\"@type\":\"BreadcrumbList\",\"@id\":\"https:\\\/\\\/www.caffebristot.com\\\/de\\\/professional\\\/produkte-ho-re-ca\\\/ganze-bohnen\\\/barista-professional-1kg\\\/#breadcrumb\",\"itemListElement\":[{\"@type\":\"ListItem\",\"position\":1,\"name\":\"Home\",\"item\":\"https:\\\/\\\/www.caffebristot.com\\\/de\\\/\"},{\"@type\":\"ListItem\",\"position\":2,\"name\":\"Professional\",\"item\":\"https:\\\/\\\/www.caffebristot.com\\\/de\\\/professional\\\/\"},{\"@type\":\"ListItem\",\"position\":3,\"name\":\"Produkte Ho.Re.Ca.\",\"item\":\"https:\\\/\\\/www.caffebristot.com\\\/de\\\/professional\\\/produkte-ho-re-ca\\\/\"},{\"@type\":\"ListItem\",\"position\":4,\"name\":\"Ganze Bohnen\",\"item\":\"https:\\\/\\\/www.caffebristot.com\\\/de\\\/professional\\\/produkte-ho-re-ca\\\/ganze-bohnen\\\/\"},{\"@type\":\"ListItem\",\"position\":5,\"name\":\"Barista Professional 1kg\"}]},{\"@type\":\"WebSite\",\"@id\":\"https:\\\/\\\/www.caffebristot.com\\\/de\\\/#website\",\"url\":\"https:\\\/\\\/www.caffebristot.com\\\/de\\\/\",\"name\":\"Caff\u00e8 Bristot\",\"description\":\"\",\"publisher\":{\"@id\":\"https:\\\/\\\/www.caffebristot.com\\\/de\\\/#organization\"},\"potentialAction\":[{\"@type\":\"SearchAction\",\"target\":{\"@type\":\"EntryPoint\",\"urlTemplate\":\"https:\\\/\\\/www.caffebristot.com\\\/de\\\/?s={search_term_string}\"},\"query-input\":{\"@type\":\"PropertyValueSpecification\",\"valueRequired\":true,\"valueName\":\"search_term_string\"}}],\"inLanguage\":\"de\"},{\"@type\":\"Organization\",\"@id\":\"https:\\\/\\\/www.caffebristot.com\\\/de\\\/#organization\",\"name\":\"Caff\u00e8 Bristot\",\"url\":\"https:\\\/\\\/www.caffebristot.com\\\/de\\\/\",\"logo\":{\"@type\":\"ImageObject\",\"inLanguage\":\"de\",\"@id\":\"https:\\\/\\\/www.caffebristot.com\\\/de\\\/#\\\/schema\\\/logo\\\/image\\\/\",\"url\":\"https:\\\/\\\/www.caffebristot.com\\\/wp-content\\\/uploads\\\/2024\\\/04\\\/Logo-Bristot_Positivo_fondo_ambra.jpg\",\"contentUrl\":\"https:\\\/\\\/www.caffebristot.com\\\/wp-content\\\/uploads\\\/2024\\\/04\\\/Logo-Bristot_Positivo_fondo_ambra.jpg\",\"width\":454,\"height\":340,\"caption\":\"Caff\u00e8 Bristot\"},\"image\":{\"@id\":\"https:\\\/\\\/www.caffebristot.com\\\/de\\\/#\\\/schema\\\/logo\\\/image\\\/\"},\"sameAs\":[\"https:\\\/\\\/it-it.facebook.com\\\/pages\\\/category\\\/Local-Business\\\/Caff\u00e8-Bristot-1645783322336332\\\/\",\"https:\\\/\\\/www.instagram.com\\\/caffe_bristot\\\/\",\"https:\\\/\\\/www.linkedin.com\\\/company\\\/caff\u00e8-bristot-procaff\u00e8-s-p-a?trk=similar-pages_result-card_full-click\",\"https:\\\/\\\/www.youtube.com\\\/channel\\\/UC12aF0WztHlFq_Yu8DeaPLQ\"]}]}<\/script>\n<!-- \/ Yoast SEO plugin. -->","yoast_head_json":{"title":"Barista professional: Caff\u00e8 in Grani 1 kg - Caff\u00e8 Bristot","description":"La nostra passione in ogni singolo chicco di caff\u00e8 per i prodotti Ho.Re.Ca. Scopri Barista Professional.","robots":{"index":"index","follow":"follow","max-snippet":"max-snippet:-1","max-image-preview":"max-image-preview:large","max-video-preview":"max-video-preview:-1"},"canonical":"https:\/\/www.caffebristot.com\/de\/professional\/produkte-ho-re-ca\/ganze-bohnen\/barista-professional-1kg\/","og_locale":"de_DE","og_type":"article","og_title":"Barista professional: Caff\u00e8 in Grani 1 kg - Caff\u00e8 Bristot","og_description":"La nostra passione in ogni singolo chicco di caff\u00e8 per i prodotti Ho.Re.Ca. Scopri Barista Professional.","og_url":"https:\/\/www.caffebristot.com\/de\/professional\/produkte-ho-re-ca\/ganze-bohnen\/barista-professional-1kg\/","og_site_name":"Caff\u00e8 Bristot","article_publisher":"https:\/\/it-it.facebook.com\/pages\/category\/Local-Business\/Caff%c3%a8-Bristot-1645783322336332\/","article_modified_time":"2022-06-23T07:42:19+00:00","twitter_card":"summary_large_image","schema":{"@context":"https:\/\/schema.org","@graph":[{"@type":"WebPage","@id":"https:\/\/www.caffebristot.com\/de\/professional\/produkte-ho-re-ca\/ganze-bohnen\/barista-professional-1kg\/","url":"https:\/\/www.caffebristot.com\/de\/professional\/produkte-ho-re-ca\/ganze-bohnen\/barista-professional-1kg\/","name":"Barista professional: Caff\u00e8 in Grani 1 kg - Caff\u00e8 Bristot","isPartOf":{"@id":"https:\/\/www.caffebristot.com\/de\/#website"},"datePublished":"2021-05-19T09:54:04+00:00","dateModified":"2022-06-23T07:42:19+00:00","description":"La nostra passione in ogni singolo chicco di caff\u00e8 per i prodotti Ho.Re.Ca. Scopri Barista Professional.","breadcrumb":{"@id":"https:\/\/www.caffebristot.com\/de\/professional\/produkte-ho-re-ca\/ganze-bohnen\/barista-professional-1kg\/#breadcrumb"},"inLanguage":"de","potentialAction":[{"@type":"ReadAction","target":["https:\/\/www.caffebristot.com\/de\/professional\/produkte-ho-re-ca\/ganze-bohnen\/barista-professional-1kg\/"]}]},{"@type":"BreadcrumbList","@id":"https:\/\/www.caffebristot.com\/de\/professional\/produkte-ho-re-ca\/ganze-bohnen\/barista-professional-1kg\/#breadcrumb","itemListElement":[{"@type":"ListItem","position":1,"name":"Home","item":"https:\/\/www.caffebristot.com\/de\/"},{"@type":"ListItem","position":2,"name":"Professional","item":"https:\/\/www.caffebristot.com\/de\/professional\/"},{"@type":"ListItem","position":3,"name":"Produkte Ho.Re.Ca.","item":"https:\/\/www.caffebristot.com\/de\/professional\/produkte-ho-re-ca\/"},{"@type":"ListItem","position":4,"name":"Ganze Bohnen","item":"https:\/\/www.caffebristot.com\/de\/professional\/produkte-ho-re-ca\/ganze-bohnen\/"},{"@type":"ListItem","position":5,"name":"Barista Professional 1kg"}]},{"@type":"WebSite","@id":"https:\/\/www.caffebristot.com\/de\/#website","url":"https:\/\/www.caffebristot.com\/de\/","name":"Caff\u00e8 Bristot","description":"","publisher":{"@id":"https:\/\/www.caffebristot.com\/de\/#organization"},"potentialAction":[{"@type":"SearchAction","target":{"@type":"EntryPoint","urlTemplate":"https:\/\/www.caffebristot.com\/de\/?s={search_term_string}"},"query-input":{"@type":"PropertyValueSpecification","valueRequired":true,"valueName":"search_term_string"}}],"inLanguage":"de"},{"@type":"Organization","@id":"https:\/\/www.caffebristot.com\/de\/#organization","name":"Caff\u00e8 Bristot","url":"https:\/\/www.caffebristot.com\/de\/","logo":{"@type":"ImageObject","inLanguage":"de","@id":"https:\/\/www.caffebristot.com\/de\/#\/schema\/logo\/image\/","url":"https:\/\/www.caffebristot.com\/wp-content\/uploads\/2024\/04\/Logo-Bristot_Positivo_fondo_ambra.jpg","contentUrl":"https:\/\/www.caffebristot.com\/wp-content\/uploads\/2024\/04\/Logo-Bristot_Positivo_fondo_ambra.jpg","width":454,"height":340,"caption":"Caff\u00e8 Bristot"},"image":{"@id":"https:\/\/www.caffebristot.com\/de\/#\/schema\/logo\/image\/"},"sameAs":["https:\/\/it-it.facebook.com\/pages\/category\/Local-Business\/Caff\u00e8-Bristot-1645783322336332\/","https:\/\/www.instagram.com\/caffe_bristot\/","https:\/\/www.linkedin.com\/company\/caff\u00e8-bristot-procaff\u00e8-s-p-a?trk=similar-pages_result-card_full-click","https:\/\/www.youtube.com\/channel\/UC12aF0WztHlFq_Yu8DeaPLQ"]}]}},"_links":{"self":[{"href":"https:\/\/www.caffebristot.com\/de\/wp-json\/wp\/v2\/pages\/5587","targetHints":{"allow":["GET"]}}],"collection":[{"href":"https:\/\/www.caffebristot.com\/de\/wp-json\/wp\/v2\/pages"}],"about":[{"href":"https:\/\/www.caffebristot.com\/de\/wp-json\/wp\/v2\/types\/page"}],"author":[{"embeddable":true,"href":"https:\/\/www.caffebristot.com\/de\/wp-json\/wp\/v2\/users\/26"}],"replies":[{"embeddable":true,"href":"https:\/\/www.caffebristot.com\/de\/wp-json\/wp\/v2\/comments?post=5587"}],"version-history":[{"count":0,"href":"https:\/\/www.caffebristot.com\/de\/wp-json\/wp\/v2\/pages\/5587\/revisions"}],"up":[{"embeddable":true,"href":"https:\/\/www.caffebristot.com\/de\/wp-json\/wp\/v2\/pages\/5577"}],"wp:attachment":[{"href":"https:\/\/www.caffebristot.com\/de\/wp-json\/wp\/v2\/media?parent=5587"}],"curies":[{"name":"wp","href":"https:\/\/api.w.org\/{rel}","templated":true}]}}