{"id":5713,"date":"2021-05-14T16:39:57","date_gmt":"2021-05-14T14:39:57","guid":{"rendered":"https:\/\/www.caffebristot.com\/bristot-stil\/tazzina-dolomit\/"},"modified":"2022-07-07T15:47:05","modified_gmt":"2022-07-07T13:47:05","slug":"tasse-dolomit","status":"publish","type":"page","link":"https:\/\/www.caffebristot.com\/de\/bristot-stil\/tasse-dolomit\/","title":{"rendered":"Dolomit Tasse"},"content":{"rendered":"","protected":false},"excerpt":{"rendered":"","protected":false},"author":26,"featured_media":0,"parent":5708,"menu_order":0,"comment_status":"closed","ping_status":"closed","template":"page-templates\/tazzina-bristot.php","meta":{"_acf_changed":false,"footnotes":""},"class_list":["post-5713","page","type-page","status-publish","hentry"],"acf":[],"yoast_head":"<!-- This site is optimized with the Yoast SEO plugin v27.4 - https:\/\/yoast.com\/product\/yoast-seo-wordpress\/ -->\n<title>Dolomit: la tazzina Caff\u00e8 Bristot per ogni occasione - Caff\u00e8 Bristot<\/title>\n<meta name=\"description\" content=\"Dolomit \u00e8 la tazzina iconica di Caff\u00e8 Bristot. Solida come la roccia. Scopri di pi\u00f9.\" \/>\n<meta name=\"robots\" content=\"index, follow, max-snippet:-1, max-image-preview:large, max-video-preview:-1\" \/>\n<link rel=\"canonical\" href=\"https:\/\/www.caffebristot.com\/de\/bristot-stil\/tasse-dolomit\/\" \/>\n<meta property=\"og:locale\" content=\"de_DE\" \/>\n<meta property=\"og:type\" content=\"article\" \/>\n<meta property=\"og:title\" content=\"Dolomit: la tazzina Caff\u00e8 Bristot per ogni occasione - Caff\u00e8 Bristot\" \/>\n<meta property=\"og:description\" content=\"Dolomit \u00e8 la tazzina iconica di Caff\u00e8 Bristot. Solida come la roccia. Scopri di pi\u00f9.\" \/>\n<meta property=\"og:url\" content=\"https:\/\/www.caffebristot.com\/de\/bristot-stil\/tasse-dolomit\/\" \/>\n<meta property=\"og:site_name\" content=\"Caff\u00e8 Bristot\" \/>\n<meta property=\"article:publisher\" content=\"https:\/\/it-it.facebook.com\/pages\/category\/Local-Business\/Caff%c3%a8-Bristot-1645783322336332\/\" \/>\n<meta property=\"article:modified_time\" content=\"2022-07-07T13:47:05+00:00\" \/>\n<meta name=\"twitter:card\" content=\"summary_large_image\" \/>\n<script type=\"application\/ld+json\" class=\"yoast-schema-graph\">{\"@context\":\"https:\\\/\\\/schema.org\",\"@graph\":[{\"@type\":\"WebPage\",\"@id\":\"https:\\\/\\\/www.caffebristot.com\\\/de\\\/bristot-stil\\\/tasse-dolomit\\\/\",\"url\":\"https:\\\/\\\/www.caffebristot.com\\\/de\\\/bristot-stil\\\/tasse-dolomit\\\/\",\"name\":\"Dolomit: la tazzina Caff\u00e8 Bristot per ogni occasione - Caff\u00e8 Bristot\",\"isPartOf\":{\"@id\":\"https:\\\/\\\/www.caffebristot.com\\\/de\\\/#website\"},\"datePublished\":\"2021-05-14T14:39:57+00:00\",\"dateModified\":\"2022-07-07T13:47:05+00:00\",\"description\":\"Dolomit \u00e8 la tazzina iconica di Caff\u00e8 Bristot. Solida come la roccia. Scopri di pi\u00f9.\",\"breadcrumb\":{\"@id\":\"https:\\\/\\\/www.caffebristot.com\\\/de\\\/bristot-stil\\\/tasse-dolomit\\\/#breadcrumb\"},\"inLanguage\":\"de\",\"potentialAction\":[{\"@type\":\"ReadAction\",\"target\":[\"https:\\\/\\\/www.caffebristot.com\\\/de\\\/bristot-stil\\\/tasse-dolomit\\\/\"]}]},{\"@type\":\"BreadcrumbList\",\"@id\":\"https:\\\/\\\/www.caffebristot.com\\\/de\\\/bristot-stil\\\/tasse-dolomit\\\/#breadcrumb\",\"itemListElement\":[{\"@type\":\"ListItem\",\"position\":1,\"name\":\"Home\",\"item\":\"https:\\\/\\\/www.caffebristot.com\\\/de\\\/\"},{\"@type\":\"ListItem\",\"position\":2,\"name\":\"Bristot-Stil\",\"item\":\"https:\\\/\\\/www.caffebristot.com\\\/de\\\/bristot-stil\\\/\"},{\"@type\":\"ListItem\",\"position\":3,\"name\":\"Dolomit Tasse\"}]},{\"@type\":\"WebSite\",\"@id\":\"https:\\\/\\\/www.caffebristot.com\\\/de\\\/#website\",\"url\":\"https:\\\/\\\/www.caffebristot.com\\\/de\\\/\",\"name\":\"Caff\u00e8 Bristot\",\"description\":\"\",\"publisher\":{\"@id\":\"https:\\\/\\\/www.caffebristot.com\\\/de\\\/#organization\"},\"potentialAction\":[{\"@type\":\"SearchAction\",\"target\":{\"@type\":\"EntryPoint\",\"urlTemplate\":\"https:\\\/\\\/www.caffebristot.com\\\/de\\\/?s={search_term_string}\"},\"query-input\":{\"@type\":\"PropertyValueSpecification\",\"valueRequired\":true,\"valueName\":\"search_term_string\"}}],\"inLanguage\":\"de\"},{\"@type\":\"Organization\",\"@id\":\"https:\\\/\\\/www.caffebristot.com\\\/de\\\/#organization\",\"name\":\"Caff\u00e8 Bristot\",\"url\":\"https:\\\/\\\/www.caffebristot.com\\\/de\\\/\",\"logo\":{\"@type\":\"ImageObject\",\"inLanguage\":\"de\",\"@id\":\"https:\\\/\\\/www.caffebristot.com\\\/de\\\/#\\\/schema\\\/logo\\\/image\\\/\",\"url\":\"https:\\\/\\\/www.caffebristot.com\\\/wp-content\\\/uploads\\\/2024\\\/04\\\/Logo-Bristot_Positivo_fondo_ambra.jpg\",\"contentUrl\":\"https:\\\/\\\/www.caffebristot.com\\\/wp-content\\\/uploads\\\/2024\\\/04\\\/Logo-Bristot_Positivo_fondo_ambra.jpg\",\"width\":454,\"height\":340,\"caption\":\"Caff\u00e8 Bristot\"},\"image\":{\"@id\":\"https:\\\/\\\/www.caffebristot.com\\\/de\\\/#\\\/schema\\\/logo\\\/image\\\/\"},\"sameAs\":[\"https:\\\/\\\/it-it.facebook.com\\\/pages\\\/category\\\/Local-Business\\\/Caff\u00e8-Bristot-1645783322336332\\\/\",\"https:\\\/\\\/www.instagram.com\\\/caffe_bristot\\\/\",\"https:\\\/\\\/www.linkedin.com\\\/company\\\/caff\u00e8-bristot-procaff\u00e8-s-p-a?trk=similar-pages_result-card_full-click\",\"https:\\\/\\\/www.youtube.com\\\/channel\\\/UC12aF0WztHlFq_Yu8DeaPLQ\"]}]}<\/script>\n<!-- \/ Yoast SEO plugin. -->","yoast_head_json":{"title":"Dolomit: la tazzina Caff\u00e8 Bristot per ogni occasione - Caff\u00e8 Bristot","description":"Dolomit \u00e8 la tazzina iconica di Caff\u00e8 Bristot. Solida come la roccia. Scopri di pi\u00f9.","robots":{"index":"index","follow":"follow","max-snippet":"max-snippet:-1","max-image-preview":"max-image-preview:large","max-video-preview":"max-video-preview:-1"},"canonical":"https:\/\/www.caffebristot.com\/de\/bristot-stil\/tasse-dolomit\/","og_locale":"de_DE","og_type":"article","og_title":"Dolomit: la tazzina Caff\u00e8 Bristot per ogni occasione - Caff\u00e8 Bristot","og_description":"Dolomit \u00e8 la tazzina iconica di Caff\u00e8 Bristot. Solida come la roccia. Scopri di pi\u00f9.","og_url":"https:\/\/www.caffebristot.com\/de\/bristot-stil\/tasse-dolomit\/","og_site_name":"Caff\u00e8 Bristot","article_publisher":"https:\/\/it-it.facebook.com\/pages\/category\/Local-Business\/Caff%c3%a8-Bristot-1645783322336332\/","article_modified_time":"2022-07-07T13:47:05+00:00","twitter_card":"summary_large_image","schema":{"@context":"https:\/\/schema.org","@graph":[{"@type":"WebPage","@id":"https:\/\/www.caffebristot.com\/de\/bristot-stil\/tasse-dolomit\/","url":"https:\/\/www.caffebristot.com\/de\/bristot-stil\/tasse-dolomit\/","name":"Dolomit: la tazzina Caff\u00e8 Bristot per ogni occasione - Caff\u00e8 Bristot","isPartOf":{"@id":"https:\/\/www.caffebristot.com\/de\/#website"},"datePublished":"2021-05-14T14:39:57+00:00","dateModified":"2022-07-07T13:47:05+00:00","description":"Dolomit \u00e8 la tazzina iconica di Caff\u00e8 Bristot. Solida come la roccia. Scopri di pi\u00f9.","breadcrumb":{"@id":"https:\/\/www.caffebristot.com\/de\/bristot-stil\/tasse-dolomit\/#breadcrumb"},"inLanguage":"de","potentialAction":[{"@type":"ReadAction","target":["https:\/\/www.caffebristot.com\/de\/bristot-stil\/tasse-dolomit\/"]}]},{"@type":"BreadcrumbList","@id":"https:\/\/www.caffebristot.com\/de\/bristot-stil\/tasse-dolomit\/#breadcrumb","itemListElement":[{"@type":"ListItem","position":1,"name":"Home","item":"https:\/\/www.caffebristot.com\/de\/"},{"@type":"ListItem","position":2,"name":"Bristot-Stil","item":"https:\/\/www.caffebristot.com\/de\/bristot-stil\/"},{"@type":"ListItem","position":3,"name":"Dolomit Tasse"}]},{"@type":"WebSite","@id":"https:\/\/www.caffebristot.com\/de\/#website","url":"https:\/\/www.caffebristot.com\/de\/","name":"Caff\u00e8 Bristot","description":"","publisher":{"@id":"https:\/\/www.caffebristot.com\/de\/#organization"},"potentialAction":[{"@type":"SearchAction","target":{"@type":"EntryPoint","urlTemplate":"https:\/\/www.caffebristot.com\/de\/?s={search_term_string}"},"query-input":{"@type":"PropertyValueSpecification","valueRequired":true,"valueName":"search_term_string"}}],"inLanguage":"de"},{"@type":"Organization","@id":"https:\/\/www.caffebristot.com\/de\/#organization","name":"Caff\u00e8 Bristot","url":"https:\/\/www.caffebristot.com\/de\/","logo":{"@type":"ImageObject","inLanguage":"de","@id":"https:\/\/www.caffebristot.com\/de\/#\/schema\/logo\/image\/","url":"https:\/\/www.caffebristot.com\/wp-content\/uploads\/2024\/04\/Logo-Bristot_Positivo_fondo_ambra.jpg","contentUrl":"https:\/\/www.caffebristot.com\/wp-content\/uploads\/2024\/04\/Logo-Bristot_Positivo_fondo_ambra.jpg","width":454,"height":340,"caption":"Caff\u00e8 Bristot"},"image":{"@id":"https:\/\/www.caffebristot.com\/de\/#\/schema\/logo\/image\/"},"sameAs":["https:\/\/it-it.facebook.com\/pages\/category\/Local-Business\/Caff\u00e8-Bristot-1645783322336332\/","https:\/\/www.instagram.com\/caffe_bristot\/","https:\/\/www.linkedin.com\/company\/caff\u00e8-bristot-procaff\u00e8-s-p-a?trk=similar-pages_result-card_full-click","https:\/\/www.youtube.com\/channel\/UC12aF0WztHlFq_Yu8DeaPLQ"]}]}},"_links":{"self":[{"href":"https:\/\/www.caffebristot.com\/de\/wp-json\/wp\/v2\/pages\/5713","targetHints":{"allow":["GET"]}}],"collection":[{"href":"https:\/\/www.caffebristot.com\/de\/wp-json\/wp\/v2\/pages"}],"about":[{"href":"https:\/\/www.caffebristot.com\/de\/wp-json\/wp\/v2\/types\/page"}],"author":[{"embeddable":true,"href":"https:\/\/www.caffebristot.com\/de\/wp-json\/wp\/v2\/users\/26"}],"replies":[{"embeddable":true,"href":"https:\/\/www.caffebristot.com\/de\/wp-json\/wp\/v2\/comments?post=5713"}],"version-history":[{"count":0,"href":"https:\/\/www.caffebristot.com\/de\/wp-json\/wp\/v2\/pages\/5713\/revisions"}],"up":[{"embeddable":true,"href":"https:\/\/www.caffebristot.com\/de\/wp-json\/wp\/v2\/pages\/5708"}],"wp:attachment":[{"href":"https:\/\/www.caffebristot.com\/de\/wp-json\/wp\/v2\/media?parent=5713"}],"curies":[{"name":"wp","href":"https:\/\/api.w.org\/{rel}","templated":true}]}}