{"id":5726,"date":"2021-05-14T16:35:10","date_gmt":"2021-05-14T14:35:10","guid":{"rendered":"https:\/\/www.caffebristot.com\/bristot-stil\/concept-store\/"},"modified":"2022-07-01T15:20:49","modified_gmt":"2022-07-01T13:20:49","slug":"concept-store","status":"publish","type":"page","link":"https:\/\/www.caffebristot.com\/de\/bristot-stil\/concept-store\/","title":{"rendered":"Concept Store"},"content":{"rendered":"","protected":false},"excerpt":{"rendered":"","protected":false},"author":26,"featured_media":8225,"parent":5708,"menu_order":4,"comment_status":"closed","ping_status":"closed","template":"page-templates\/stile-bristot.php","meta":{"_acf_changed":false,"footnotes":""},"class_list":["post-5726","page","type-page","status-publish","has-post-thumbnail","hentry"],"acf":[],"yoast_head":"<!-- This site is optimized with the Yoast SEO plugin v27.4 - https:\/\/yoast.com\/product\/yoast-seo-wordpress\/ -->\n<title>Concept Store : l&#039;innovativo negozio Caff\u00e8 Bristot - Caff\u00e8 Bristot<\/title>\n<meta name=\"description\" content=\"Il Concept Store di Caff\u00e8 Bristot \u00e8 un luogo caldo e accogliente che rappresenta la nostra passione ed identit\u00e0. Scopri di pi\u00f9.\" \/>\n<meta name=\"robots\" content=\"index, follow, max-snippet:-1, max-image-preview:large, max-video-preview:-1\" \/>\n<link rel=\"canonical\" href=\"https:\/\/www.caffebristot.com\/de\/bristot-stil\/concept-store\/\" \/>\n<meta property=\"og:locale\" content=\"de_DE\" \/>\n<meta property=\"og:type\" content=\"article\" \/>\n<meta property=\"og:title\" content=\"Concept Store : l&#039;innovativo negozio Caff\u00e8 Bristot - Caff\u00e8 Bristot\" \/>\n<meta property=\"og:description\" content=\"Il Concept Store di Caff\u00e8 Bristot \u00e8 un luogo caldo e accogliente che rappresenta la nostra passione ed identit\u00e0. Scopri di pi\u00f9.\" \/>\n<meta property=\"og:url\" content=\"https:\/\/www.caffebristot.com\/de\/bristot-stil\/concept-store\/\" \/>\n<meta property=\"og:site_name\" content=\"Caff\u00e8 Bristot\" \/>\n<meta property=\"article:publisher\" content=\"https:\/\/it-it.facebook.com\/pages\/category\/Local-Business\/Caff%c3%a8-Bristot-1645783322336332\/\" \/>\n<meta property=\"article:modified_time\" content=\"2022-07-01T13:20:49+00:00\" \/>\n<meta property=\"og:image\" content=\"https:\/\/www.caffebristot.com\/wp-content\/uploads\/2023\/12\/blog-ricette_12_ciambella.jpg\" \/>\n\t<meta property=\"og:image:width\" content=\"1400\" \/>\n\t<meta property=\"og:image:height\" content=\"940\" \/>\n\t<meta property=\"og:image:type\" content=\"image\/jpeg\" \/>\n<meta name=\"twitter:card\" content=\"summary_large_image\" \/>\n<script type=\"application\/ld+json\" class=\"yoast-schema-graph\">{\"@context\":\"https:\\\/\\\/schema.org\",\"@graph\":[{\"@type\":\"WebPage\",\"@id\":\"https:\\\/\\\/www.caffebristot.com\\\/de\\\/bristot-stil\\\/concept-store\\\/\",\"url\":\"https:\\\/\\\/www.caffebristot.com\\\/de\\\/bristot-stil\\\/concept-store\\\/\",\"name\":\"Concept Store : l'innovativo negozio Caff\u00e8 Bristot - Caff\u00e8 Bristot\",\"isPartOf\":{\"@id\":\"https:\\\/\\\/www.caffebristot.com\\\/de\\\/#website\"},\"primaryImageOfPage\":{\"@id\":\"https:\\\/\\\/www.caffebristot.com\\\/de\\\/bristot-stil\\\/concept-store\\\/#primaryimage\"},\"image\":{\"@id\":\"https:\\\/\\\/www.caffebristot.com\\\/de\\\/bristot-stil\\\/concept-store\\\/#primaryimage\"},\"thumbnailUrl\":\"https:\\\/\\\/www.caffebristot.com\\\/wp-content\\\/uploads\\\/2023\\\/12\\\/blog-ricette_12_ciambella.jpg\",\"datePublished\":\"2021-05-14T14:35:10+00:00\",\"dateModified\":\"2022-07-01T13:20:49+00:00\",\"description\":\"Il Concept Store di Caff\u00e8 Bristot \u00e8 un luogo caldo e accogliente che rappresenta la nostra passione ed identit\u00e0. Scopri di pi\u00f9.\",\"breadcrumb\":{\"@id\":\"https:\\\/\\\/www.caffebristot.com\\\/de\\\/bristot-stil\\\/concept-store\\\/#breadcrumb\"},\"inLanguage\":\"de\",\"potentialAction\":[{\"@type\":\"ReadAction\",\"target\":[\"https:\\\/\\\/www.caffebristot.com\\\/de\\\/bristot-stil\\\/concept-store\\\/\"]}]},{\"@type\":\"ImageObject\",\"inLanguage\":\"de\",\"@id\":\"https:\\\/\\\/www.caffebristot.com\\\/de\\\/bristot-stil\\\/concept-store\\\/#primaryimage\",\"url\":\"https:\\\/\\\/www.caffebristot.com\\\/wp-content\\\/uploads\\\/2023\\\/12\\\/blog-ricette_12_ciambella.jpg\",\"contentUrl\":\"https:\\\/\\\/www.caffebristot.com\\\/wp-content\\\/uploads\\\/2023\\\/12\\\/blog-ricette_12_ciambella.jpg\",\"width\":1400,\"height\":940},{\"@type\":\"BreadcrumbList\",\"@id\":\"https:\\\/\\\/www.caffebristot.com\\\/de\\\/bristot-stil\\\/concept-store\\\/#breadcrumb\",\"itemListElement\":[{\"@type\":\"ListItem\",\"position\":1,\"name\":\"Home\",\"item\":\"https:\\\/\\\/www.caffebristot.com\\\/de\\\/\"},{\"@type\":\"ListItem\",\"position\":2,\"name\":\"Bristot-Stil\",\"item\":\"https:\\\/\\\/www.caffebristot.com\\\/de\\\/bristot-stil\\\/\"},{\"@type\":\"ListItem\",\"position\":3,\"name\":\"Concept Store\"}]},{\"@type\":\"WebSite\",\"@id\":\"https:\\\/\\\/www.caffebristot.com\\\/de\\\/#website\",\"url\":\"https:\\\/\\\/www.caffebristot.com\\\/de\\\/\",\"name\":\"Caff\u00e8 Bristot\",\"description\":\"\",\"publisher\":{\"@id\":\"https:\\\/\\\/www.caffebristot.com\\\/de\\\/#organization\"},\"potentialAction\":[{\"@type\":\"SearchAction\",\"target\":{\"@type\":\"EntryPoint\",\"urlTemplate\":\"https:\\\/\\\/www.caffebristot.com\\\/de\\\/?s={search_term_string}\"},\"query-input\":{\"@type\":\"PropertyValueSpecification\",\"valueRequired\":true,\"valueName\":\"search_term_string\"}}],\"inLanguage\":\"de\"},{\"@type\":\"Organization\",\"@id\":\"https:\\\/\\\/www.caffebristot.com\\\/de\\\/#organization\",\"name\":\"Caff\u00e8 Bristot\",\"url\":\"https:\\\/\\\/www.caffebristot.com\\\/de\\\/\",\"logo\":{\"@type\":\"ImageObject\",\"inLanguage\":\"de\",\"@id\":\"https:\\\/\\\/www.caffebristot.com\\\/de\\\/#\\\/schema\\\/logo\\\/image\\\/\",\"url\":\"https:\\\/\\\/www.caffebristot.com\\\/wp-content\\\/uploads\\\/2024\\\/04\\\/Logo-Bristot_Positivo_fondo_ambra.jpg\",\"contentUrl\":\"https:\\\/\\\/www.caffebristot.com\\\/wp-content\\\/uploads\\\/2024\\\/04\\\/Logo-Bristot_Positivo_fondo_ambra.jpg\",\"width\":454,\"height\":340,\"caption\":\"Caff\u00e8 Bristot\"},\"image\":{\"@id\":\"https:\\\/\\\/www.caffebristot.com\\\/de\\\/#\\\/schema\\\/logo\\\/image\\\/\"},\"sameAs\":[\"https:\\\/\\\/it-it.facebook.com\\\/pages\\\/category\\\/Local-Business\\\/Caff\u00e8-Bristot-1645783322336332\\\/\",\"https:\\\/\\\/www.instagram.com\\\/caffe_bristot\\\/\",\"https:\\\/\\\/www.linkedin.com\\\/company\\\/caff\u00e8-bristot-procaff\u00e8-s-p-a?trk=similar-pages_result-card_full-click\",\"https:\\\/\\\/www.youtube.com\\\/channel\\\/UC12aF0WztHlFq_Yu8DeaPLQ\"]}]}<\/script>\n<!-- \/ Yoast SEO plugin. -->","yoast_head_json":{"title":"Concept Store : l'innovativo negozio Caff\u00e8 Bristot - Caff\u00e8 Bristot","description":"Il Concept Store di Caff\u00e8 Bristot \u00e8 un luogo caldo e accogliente che rappresenta la nostra passione ed identit\u00e0. Scopri di pi\u00f9.","robots":{"index":"index","follow":"follow","max-snippet":"max-snippet:-1","max-image-preview":"max-image-preview:large","max-video-preview":"max-video-preview:-1"},"canonical":"https:\/\/www.caffebristot.com\/de\/bristot-stil\/concept-store\/","og_locale":"de_DE","og_type":"article","og_title":"Concept Store : l'innovativo negozio Caff\u00e8 Bristot - Caff\u00e8 Bristot","og_description":"Il Concept Store di Caff\u00e8 Bristot \u00e8 un luogo caldo e accogliente che rappresenta la nostra passione ed identit\u00e0. Scopri di pi\u00f9.","og_url":"https:\/\/www.caffebristot.com\/de\/bristot-stil\/concept-store\/","og_site_name":"Caff\u00e8 Bristot","article_publisher":"https:\/\/it-it.facebook.com\/pages\/category\/Local-Business\/Caff%c3%a8-Bristot-1645783322336332\/","article_modified_time":"2022-07-01T13:20:49+00:00","og_image":[{"width":1400,"height":940,"url":"https:\/\/www.caffebristot.com\/wp-content\/uploads\/2023\/12\/blog-ricette_12_ciambella.jpg","type":"image\/jpeg"}],"twitter_card":"summary_large_image","schema":{"@context":"https:\/\/schema.org","@graph":[{"@type":"WebPage","@id":"https:\/\/www.caffebristot.com\/de\/bristot-stil\/concept-store\/","url":"https:\/\/www.caffebristot.com\/de\/bristot-stil\/concept-store\/","name":"Concept Store : l'innovativo negozio Caff\u00e8 Bristot - Caff\u00e8 Bristot","isPartOf":{"@id":"https:\/\/www.caffebristot.com\/de\/#website"},"primaryImageOfPage":{"@id":"https:\/\/www.caffebristot.com\/de\/bristot-stil\/concept-store\/#primaryimage"},"image":{"@id":"https:\/\/www.caffebristot.com\/de\/bristot-stil\/concept-store\/#primaryimage"},"thumbnailUrl":"https:\/\/www.caffebristot.com\/wp-content\/uploads\/2023\/12\/blog-ricette_12_ciambella.jpg","datePublished":"2021-05-14T14:35:10+00:00","dateModified":"2022-07-01T13:20:49+00:00","description":"Il Concept Store di Caff\u00e8 Bristot \u00e8 un luogo caldo e accogliente che rappresenta la nostra passione ed identit\u00e0. Scopri di pi\u00f9.","breadcrumb":{"@id":"https:\/\/www.caffebristot.com\/de\/bristot-stil\/concept-store\/#breadcrumb"},"inLanguage":"de","potentialAction":[{"@type":"ReadAction","target":["https:\/\/www.caffebristot.com\/de\/bristot-stil\/concept-store\/"]}]},{"@type":"ImageObject","inLanguage":"de","@id":"https:\/\/www.caffebristot.com\/de\/bristot-stil\/concept-store\/#primaryimage","url":"https:\/\/www.caffebristot.com\/wp-content\/uploads\/2023\/12\/blog-ricette_12_ciambella.jpg","contentUrl":"https:\/\/www.caffebristot.com\/wp-content\/uploads\/2023\/12\/blog-ricette_12_ciambella.jpg","width":1400,"height":940},{"@type":"BreadcrumbList","@id":"https:\/\/www.caffebristot.com\/de\/bristot-stil\/concept-store\/#breadcrumb","itemListElement":[{"@type":"ListItem","position":1,"name":"Home","item":"https:\/\/www.caffebristot.com\/de\/"},{"@type":"ListItem","position":2,"name":"Bristot-Stil","item":"https:\/\/www.caffebristot.com\/de\/bristot-stil\/"},{"@type":"ListItem","position":3,"name":"Concept Store"}]},{"@type":"WebSite","@id":"https:\/\/www.caffebristot.com\/de\/#website","url":"https:\/\/www.caffebristot.com\/de\/","name":"Caff\u00e8 Bristot","description":"","publisher":{"@id":"https:\/\/www.caffebristot.com\/de\/#organization"},"potentialAction":[{"@type":"SearchAction","target":{"@type":"EntryPoint","urlTemplate":"https:\/\/www.caffebristot.com\/de\/?s={search_term_string}"},"query-input":{"@type":"PropertyValueSpecification","valueRequired":true,"valueName":"search_term_string"}}],"inLanguage":"de"},{"@type":"Organization","@id":"https:\/\/www.caffebristot.com\/de\/#organization","name":"Caff\u00e8 Bristot","url":"https:\/\/www.caffebristot.com\/de\/","logo":{"@type":"ImageObject","inLanguage":"de","@id":"https:\/\/www.caffebristot.com\/de\/#\/schema\/logo\/image\/","url":"https:\/\/www.caffebristot.com\/wp-content\/uploads\/2024\/04\/Logo-Bristot_Positivo_fondo_ambra.jpg","contentUrl":"https:\/\/www.caffebristot.com\/wp-content\/uploads\/2024\/04\/Logo-Bristot_Positivo_fondo_ambra.jpg","width":454,"height":340,"caption":"Caff\u00e8 Bristot"},"image":{"@id":"https:\/\/www.caffebristot.com\/de\/#\/schema\/logo\/image\/"},"sameAs":["https:\/\/it-it.facebook.com\/pages\/category\/Local-Business\/Caff\u00e8-Bristot-1645783322336332\/","https:\/\/www.instagram.com\/caffe_bristot\/","https:\/\/www.linkedin.com\/company\/caff\u00e8-bristot-procaff\u00e8-s-p-a?trk=similar-pages_result-card_full-click","https:\/\/www.youtube.com\/channel\/UC12aF0WztHlFq_Yu8DeaPLQ"]}]}},"_links":{"self":[{"href":"https:\/\/www.caffebristot.com\/de\/wp-json\/wp\/v2\/pages\/5726","targetHints":{"allow":["GET"]}}],"collection":[{"href":"https:\/\/www.caffebristot.com\/de\/wp-json\/wp\/v2\/pages"}],"about":[{"href":"https:\/\/www.caffebristot.com\/de\/wp-json\/wp\/v2\/types\/page"}],"author":[{"embeddable":true,"href":"https:\/\/www.caffebristot.com\/de\/wp-json\/wp\/v2\/users\/26"}],"replies":[{"embeddable":true,"href":"https:\/\/www.caffebristot.com\/de\/wp-json\/wp\/v2\/comments?post=5726"}],"version-history":[{"count":0,"href":"https:\/\/www.caffebristot.com\/de\/wp-json\/wp\/v2\/pages\/5726\/revisions"}],"up":[{"embeddable":true,"href":"https:\/\/www.caffebristot.com\/de\/wp-json\/wp\/v2\/pages\/5708"}],"wp:featuredmedia":[{"embeddable":true,"href":"https:\/\/www.caffebristot.com\/de\/wp-json\/wp\/v2\/media\/8225"}],"wp:attachment":[{"href":"https:\/\/www.caffebristot.com\/de\/wp-json\/wp\/v2\/media?parent=5726"}],"curies":[{"name":"wp","href":"https:\/\/api.w.org\/{rel}","templated":true}]}}