{"id":7723,"date":"2023-10-06T09:27:47","date_gmt":"2023-10-06T07:27:47","guid":{"rendered":"https:\/\/www.caffebristot.com\/?page_id=7723"},"modified":"2026-02-18T16:26:00","modified_gmt":"2026-02-18T15:26:00","slug":"bio-espresso","status":"publish","type":"page","link":"https:\/\/www.caffebristot.com\/de\/professional\/produkte-ho-re-ca\/ganze-bohnen\/bio-line-1-kg\/bio-espresso\/","title":{"rendered":"Bio Espresso"},"content":{"rendered":"","protected":false},"excerpt":{"rendered":"","protected":false},"author":3,"featured_media":8225,"parent":7719,"menu_order":2,"comment_status":"closed","ping_status":"closed","template":"page-templates\/product-vertical.php","meta":{"_acf_changed":false,"footnotes":""},"class_list":["post-7723","page","type-page","status-publish","has-post-thumbnail","hentry"],"acf":[],"yoast_head":"<!-- This site is optimized with the Yoast SEO plugin v27.4 - https:\/\/yoast.com\/product\/yoast-seo-wordpress\/ -->\n<title>Caff\u00e9 Bio: Organic Coffee - Caff\u00e8 Bristot<\/title>\n<meta name=\"description\" content=\"Bio \u00e8 la prima miscela Bristot totalmente biologica dedicata agli amanti del caff\u00e8 espresso e del caff\u00e8 con aggiunta di latte. Scopri di pi\u00f9 sul sito!\" \/>\n<meta name=\"robots\" content=\"index, follow, max-snippet:-1, max-image-preview:large, max-video-preview:-1\" \/>\n<link rel=\"canonical\" href=\"https:\/\/www.caffebristot.com\/de\/professional\/produkte-ho-re-ca\/ganze-bohnen\/bio-line-1-kg\/bio-espresso\/\" \/>\n<meta property=\"og:locale\" content=\"de_DE\" \/>\n<meta property=\"og:type\" content=\"article\" \/>\n<meta property=\"og:title\" content=\"Caff\u00e9 Bio: Organic Coffee - Caff\u00e8 Bristot\" \/>\n<meta property=\"og:description\" content=\"Bio \u00e8 la prima miscela Bristot totalmente biologica dedicata agli amanti del caff\u00e8 espresso e del caff\u00e8 con aggiunta di latte. Scopri di pi\u00f9 sul sito!\" \/>\n<meta property=\"og:url\" content=\"https:\/\/www.caffebristot.com\/de\/professional\/produkte-ho-re-ca\/ganze-bohnen\/bio-line-1-kg\/bio-espresso\/\" \/>\n<meta property=\"og:site_name\" content=\"Caff\u00e8 Bristot\" \/>\n<meta property=\"article:publisher\" content=\"https:\/\/it-it.facebook.com\/pages\/category\/Local-Business\/Caff%c3%a8-Bristot-1645783322336332\/\" \/>\n<meta property=\"article:modified_time\" content=\"2026-02-18T15:26:00+00:00\" \/>\n<meta property=\"og:image\" content=\"https:\/\/www.caffebristot.com\/wp-content\/uploads\/2023\/12\/blog-ricette_12_ciambella.jpg\" \/>\n\t<meta property=\"og:image:width\" content=\"1400\" \/>\n\t<meta property=\"og:image:height\" content=\"940\" \/>\n\t<meta property=\"og:image:type\" content=\"image\/jpeg\" \/>\n<meta name=\"twitter:card\" content=\"summary_large_image\" \/>\n<meta name=\"twitter:label1\" content=\"Gesch\u00e4tzte Lesezeit\" \/>\n\t<meta name=\"twitter:data1\" content=\"1\u00a0Minute\" \/>\n<script type=\"application\/ld+json\" class=\"yoast-schema-graph\">{\"@context\":\"https:\\\/\\\/schema.org\",\"@graph\":[{\"@type\":\"WebPage\",\"@id\":\"https:\\\/\\\/www.caffebristot.com\\\/de\\\/professional\\\/produkte-ho-re-ca\\\/ganze-bohnen\\\/bio-line-1-kg\\\/bio-espresso\\\/\",\"url\":\"https:\\\/\\\/www.caffebristot.com\\\/de\\\/professional\\\/produkte-ho-re-ca\\\/ganze-bohnen\\\/bio-line-1-kg\\\/bio-espresso\\\/\",\"name\":\"Caff\u00e9 Bio: Organic Coffee - Caff\u00e8 Bristot\",\"isPartOf\":{\"@id\":\"https:\\\/\\\/www.caffebristot.com\\\/de\\\/#website\"},\"primaryImageOfPage\":{\"@id\":\"https:\\\/\\\/www.caffebristot.com\\\/de\\\/professional\\\/produkte-ho-re-ca\\\/ganze-bohnen\\\/bio-line-1-kg\\\/bio-espresso\\\/#primaryimage\"},\"image\":{\"@id\":\"https:\\\/\\\/www.caffebristot.com\\\/de\\\/professional\\\/produkte-ho-re-ca\\\/ganze-bohnen\\\/bio-line-1-kg\\\/bio-espresso\\\/#primaryimage\"},\"thumbnailUrl\":\"https:\\\/\\\/www.caffebristot.com\\\/wp-content\\\/uploads\\\/2023\\\/12\\\/blog-ricette_12_ciambella.jpg\",\"datePublished\":\"2023-10-06T07:27:47+00:00\",\"dateModified\":\"2026-02-18T15:26:00+00:00\",\"description\":\"Bio \u00e8 la prima miscela Bristot totalmente biologica dedicata agli amanti del caff\u00e8 espresso e del caff\u00e8 con aggiunta di latte. Scopri di pi\u00f9 sul sito!\",\"breadcrumb\":{\"@id\":\"https:\\\/\\\/www.caffebristot.com\\\/de\\\/professional\\\/produkte-ho-re-ca\\\/ganze-bohnen\\\/bio-line-1-kg\\\/bio-espresso\\\/#breadcrumb\"},\"inLanguage\":\"de\",\"potentialAction\":[{\"@type\":\"ReadAction\",\"target\":[\"https:\\\/\\\/www.caffebristot.com\\\/de\\\/professional\\\/produkte-ho-re-ca\\\/ganze-bohnen\\\/bio-line-1-kg\\\/bio-espresso\\\/\"]}]},{\"@type\":\"ImageObject\",\"inLanguage\":\"de\",\"@id\":\"https:\\\/\\\/www.caffebristot.com\\\/de\\\/professional\\\/produkte-ho-re-ca\\\/ganze-bohnen\\\/bio-line-1-kg\\\/bio-espresso\\\/#primaryimage\",\"url\":\"https:\\\/\\\/www.caffebristot.com\\\/wp-content\\\/uploads\\\/2023\\\/12\\\/blog-ricette_12_ciambella.jpg\",\"contentUrl\":\"https:\\\/\\\/www.caffebristot.com\\\/wp-content\\\/uploads\\\/2023\\\/12\\\/blog-ricette_12_ciambella.jpg\",\"width\":1400,\"height\":940},{\"@type\":\"BreadcrumbList\",\"@id\":\"https:\\\/\\\/www.caffebristot.com\\\/de\\\/professional\\\/produkte-ho-re-ca\\\/ganze-bohnen\\\/bio-line-1-kg\\\/bio-espresso\\\/#breadcrumb\",\"itemListElement\":[{\"@type\":\"ListItem\",\"position\":1,\"name\":\"Home\",\"item\":\"https:\\\/\\\/www.caffebristot.com\\\/de\\\/\"},{\"@type\":\"ListItem\",\"position\":2,\"name\":\"Professional\",\"item\":\"https:\\\/\\\/www.caffebristot.com\\\/de\\\/professional\\\/\"},{\"@type\":\"ListItem\",\"position\":3,\"name\":\"Produkte Ho.Re.Ca.\",\"item\":\"https:\\\/\\\/www.caffebristot.com\\\/de\\\/professional\\\/produkte-ho-re-ca\\\/\"},{\"@type\":\"ListItem\",\"position\":4,\"name\":\"Ganze Bohnen\",\"item\":\"https:\\\/\\\/www.caffebristot.com\\\/de\\\/professional\\\/produkte-ho-re-ca\\\/ganze-bohnen\\\/\"},{\"@type\":\"ListItem\",\"position\":5,\"name\":\"Bio Line 1kg\",\"item\":\"https:\\\/\\\/www.caffebristot.com\\\/de\\\/professional\\\/produkte-ho-re-ca\\\/ganze-bohnen\\\/bio-line-1-kg\\\/\"},{\"@type\":\"ListItem\",\"position\":6,\"name\":\"Bio Espresso\"}]},{\"@type\":\"WebSite\",\"@id\":\"https:\\\/\\\/www.caffebristot.com\\\/de\\\/#website\",\"url\":\"https:\\\/\\\/www.caffebristot.com\\\/de\\\/\",\"name\":\"Caff\u00e8 Bristot\",\"description\":\"\",\"publisher\":{\"@id\":\"https:\\\/\\\/www.caffebristot.com\\\/de\\\/#organization\"},\"potentialAction\":[{\"@type\":\"SearchAction\",\"target\":{\"@type\":\"EntryPoint\",\"urlTemplate\":\"https:\\\/\\\/www.caffebristot.com\\\/de\\\/?s={search_term_string}\"},\"query-input\":{\"@type\":\"PropertyValueSpecification\",\"valueRequired\":true,\"valueName\":\"search_term_string\"}}],\"inLanguage\":\"de\"},{\"@type\":\"Organization\",\"@id\":\"https:\\\/\\\/www.caffebristot.com\\\/de\\\/#organization\",\"name\":\"Caff\u00e8 Bristot\",\"url\":\"https:\\\/\\\/www.caffebristot.com\\\/de\\\/\",\"logo\":{\"@type\":\"ImageObject\",\"inLanguage\":\"de\",\"@id\":\"https:\\\/\\\/www.caffebristot.com\\\/de\\\/#\\\/schema\\\/logo\\\/image\\\/\",\"url\":\"https:\\\/\\\/www.caffebristot.com\\\/wp-content\\\/uploads\\\/2024\\\/04\\\/Logo-Bristot_Positivo_fondo_ambra.jpg\",\"contentUrl\":\"https:\\\/\\\/www.caffebristot.com\\\/wp-content\\\/uploads\\\/2024\\\/04\\\/Logo-Bristot_Positivo_fondo_ambra.jpg\",\"width\":454,\"height\":340,\"caption\":\"Caff\u00e8 Bristot\"},\"image\":{\"@id\":\"https:\\\/\\\/www.caffebristot.com\\\/de\\\/#\\\/schema\\\/logo\\\/image\\\/\"},\"sameAs\":[\"https:\\\/\\\/it-it.facebook.com\\\/pages\\\/category\\\/Local-Business\\\/Caff\u00e8-Bristot-1645783322336332\\\/\",\"https:\\\/\\\/www.instagram.com\\\/caffe_bristot\\\/\",\"https:\\\/\\\/www.linkedin.com\\\/company\\\/caff\u00e8-bristot-procaff\u00e8-s-p-a?trk=similar-pages_result-card_full-click\",\"https:\\\/\\\/www.youtube.com\\\/channel\\\/UC12aF0WztHlFq_Yu8DeaPLQ\"]}]}<\/script>\n<!-- \/ Yoast SEO plugin. -->","yoast_head_json":{"title":"Caff\u00e9 Bio: Organic Coffee - Caff\u00e8 Bristot","description":"Bio \u00e8 la prima miscela Bristot totalmente biologica dedicata agli amanti del caff\u00e8 espresso e del caff\u00e8 con aggiunta di latte. Scopri di pi\u00f9 sul sito!","robots":{"index":"index","follow":"follow","max-snippet":"max-snippet:-1","max-image-preview":"max-image-preview:large","max-video-preview":"max-video-preview:-1"},"canonical":"https:\/\/www.caffebristot.com\/de\/professional\/produkte-ho-re-ca\/ganze-bohnen\/bio-line-1-kg\/bio-espresso\/","og_locale":"de_DE","og_type":"article","og_title":"Caff\u00e9 Bio: Organic Coffee - Caff\u00e8 Bristot","og_description":"Bio \u00e8 la prima miscela Bristot totalmente biologica dedicata agli amanti del caff\u00e8 espresso e del caff\u00e8 con aggiunta di latte. Scopri di pi\u00f9 sul sito!","og_url":"https:\/\/www.caffebristot.com\/de\/professional\/produkte-ho-re-ca\/ganze-bohnen\/bio-line-1-kg\/bio-espresso\/","og_site_name":"Caff\u00e8 Bristot","article_publisher":"https:\/\/it-it.facebook.com\/pages\/category\/Local-Business\/Caff%c3%a8-Bristot-1645783322336332\/","article_modified_time":"2026-02-18T15:26:00+00:00","og_image":[{"width":1400,"height":940,"url":"https:\/\/www.caffebristot.com\/wp-content\/uploads\/2023\/12\/blog-ricette_12_ciambella.jpg","type":"image\/jpeg"}],"twitter_card":"summary_large_image","twitter_misc":{"Gesch\u00e4tzte Lesezeit":"1\u00a0Minute"},"schema":{"@context":"https:\/\/schema.org","@graph":[{"@type":"WebPage","@id":"https:\/\/www.caffebristot.com\/de\/professional\/produkte-ho-re-ca\/ganze-bohnen\/bio-line-1-kg\/bio-espresso\/","url":"https:\/\/www.caffebristot.com\/de\/professional\/produkte-ho-re-ca\/ganze-bohnen\/bio-line-1-kg\/bio-espresso\/","name":"Caff\u00e9 Bio: Organic Coffee - Caff\u00e8 Bristot","isPartOf":{"@id":"https:\/\/www.caffebristot.com\/de\/#website"},"primaryImageOfPage":{"@id":"https:\/\/www.caffebristot.com\/de\/professional\/produkte-ho-re-ca\/ganze-bohnen\/bio-line-1-kg\/bio-espresso\/#primaryimage"},"image":{"@id":"https:\/\/www.caffebristot.com\/de\/professional\/produkte-ho-re-ca\/ganze-bohnen\/bio-line-1-kg\/bio-espresso\/#primaryimage"},"thumbnailUrl":"https:\/\/www.caffebristot.com\/wp-content\/uploads\/2023\/12\/blog-ricette_12_ciambella.jpg","datePublished":"2023-10-06T07:27:47+00:00","dateModified":"2026-02-18T15:26:00+00:00","description":"Bio \u00e8 la prima miscela Bristot totalmente biologica dedicata agli amanti del caff\u00e8 espresso e del caff\u00e8 con aggiunta di latte. Scopri di pi\u00f9 sul sito!","breadcrumb":{"@id":"https:\/\/www.caffebristot.com\/de\/professional\/produkte-ho-re-ca\/ganze-bohnen\/bio-line-1-kg\/bio-espresso\/#breadcrumb"},"inLanguage":"de","potentialAction":[{"@type":"ReadAction","target":["https:\/\/www.caffebristot.com\/de\/professional\/produkte-ho-re-ca\/ganze-bohnen\/bio-line-1-kg\/bio-espresso\/"]}]},{"@type":"ImageObject","inLanguage":"de","@id":"https:\/\/www.caffebristot.com\/de\/professional\/produkte-ho-re-ca\/ganze-bohnen\/bio-line-1-kg\/bio-espresso\/#primaryimage","url":"https:\/\/www.caffebristot.com\/wp-content\/uploads\/2023\/12\/blog-ricette_12_ciambella.jpg","contentUrl":"https:\/\/www.caffebristot.com\/wp-content\/uploads\/2023\/12\/blog-ricette_12_ciambella.jpg","width":1400,"height":940},{"@type":"BreadcrumbList","@id":"https:\/\/www.caffebristot.com\/de\/professional\/produkte-ho-re-ca\/ganze-bohnen\/bio-line-1-kg\/bio-espresso\/#breadcrumb","itemListElement":[{"@type":"ListItem","position":1,"name":"Home","item":"https:\/\/www.caffebristot.com\/de\/"},{"@type":"ListItem","position":2,"name":"Professional","item":"https:\/\/www.caffebristot.com\/de\/professional\/"},{"@type":"ListItem","position":3,"name":"Produkte Ho.Re.Ca.","item":"https:\/\/www.caffebristot.com\/de\/professional\/produkte-ho-re-ca\/"},{"@type":"ListItem","position":4,"name":"Ganze Bohnen","item":"https:\/\/www.caffebristot.com\/de\/professional\/produkte-ho-re-ca\/ganze-bohnen\/"},{"@type":"ListItem","position":5,"name":"Bio Line 1kg","item":"https:\/\/www.caffebristot.com\/de\/professional\/produkte-ho-re-ca\/ganze-bohnen\/bio-line-1-kg\/"},{"@type":"ListItem","position":6,"name":"Bio Espresso"}]},{"@type":"WebSite","@id":"https:\/\/www.caffebristot.com\/de\/#website","url":"https:\/\/www.caffebristot.com\/de\/","name":"Caff\u00e8 Bristot","description":"","publisher":{"@id":"https:\/\/www.caffebristot.com\/de\/#organization"},"potentialAction":[{"@type":"SearchAction","target":{"@type":"EntryPoint","urlTemplate":"https:\/\/www.caffebristot.com\/de\/?s={search_term_string}"},"query-input":{"@type":"PropertyValueSpecification","valueRequired":true,"valueName":"search_term_string"}}],"inLanguage":"de"},{"@type":"Organization","@id":"https:\/\/www.caffebristot.com\/de\/#organization","name":"Caff\u00e8 Bristot","url":"https:\/\/www.caffebristot.com\/de\/","logo":{"@type":"ImageObject","inLanguage":"de","@id":"https:\/\/www.caffebristot.com\/de\/#\/schema\/logo\/image\/","url":"https:\/\/www.caffebristot.com\/wp-content\/uploads\/2024\/04\/Logo-Bristot_Positivo_fondo_ambra.jpg","contentUrl":"https:\/\/www.caffebristot.com\/wp-content\/uploads\/2024\/04\/Logo-Bristot_Positivo_fondo_ambra.jpg","width":454,"height":340,"caption":"Caff\u00e8 Bristot"},"image":{"@id":"https:\/\/www.caffebristot.com\/de\/#\/schema\/logo\/image\/"},"sameAs":["https:\/\/it-it.facebook.com\/pages\/category\/Local-Business\/Caff\u00e8-Bristot-1645783322336332\/","https:\/\/www.instagram.com\/caffe_bristot\/","https:\/\/www.linkedin.com\/company\/caff\u00e8-bristot-procaff\u00e8-s-p-a?trk=similar-pages_result-card_full-click","https:\/\/www.youtube.com\/channel\/UC12aF0WztHlFq_Yu8DeaPLQ"]}]}},"_links":{"self":[{"href":"https:\/\/www.caffebristot.com\/de\/wp-json\/wp\/v2\/pages\/7723","targetHints":{"allow":["GET"]}}],"collection":[{"href":"https:\/\/www.caffebristot.com\/de\/wp-json\/wp\/v2\/pages"}],"about":[{"href":"https:\/\/www.caffebristot.com\/de\/wp-json\/wp\/v2\/types\/page"}],"author":[{"embeddable":true,"href":"https:\/\/www.caffebristot.com\/de\/wp-json\/wp\/v2\/users\/3"}],"replies":[{"embeddable":true,"href":"https:\/\/www.caffebristot.com\/de\/wp-json\/wp\/v2\/comments?post=7723"}],"version-history":[{"count":3,"href":"https:\/\/www.caffebristot.com\/de\/wp-json\/wp\/v2\/pages\/7723\/revisions"}],"predecessor-version":[{"id":26380,"href":"https:\/\/www.caffebristot.com\/de\/wp-json\/wp\/v2\/pages\/7723\/revisions\/26380"}],"up":[{"embeddable":true,"href":"https:\/\/www.caffebristot.com\/de\/wp-json\/wp\/v2\/pages\/7719"}],"wp:featuredmedia":[{"embeddable":true,"href":"https:\/\/www.caffebristot.com\/de\/wp-json\/wp\/v2\/media\/8225"}],"wp:attachment":[{"href":"https:\/\/www.caffebristot.com\/de\/wp-json\/wp\/v2\/media?parent=7723"}],"curies":[{"name":"wp","href":"https:\/\/api.w.org\/{rel}","templated":true}]}}